{"id":1974,"date":"2022-02-25T15:01:13","date_gmt":"2022-02-25T14:01:13","guid":{"rendered":"https:\/\/www.erreduegas.it\/privacy-policy\/"},"modified":"2025-03-24T15:29:46","modified_gmt":"2025-03-24T14:29:46","slug":"privacy-policy","status":"publish","type":"page","link":"https:\/\/www.erreduegas.it\/en\/privacy-policy\/","title":{"rendered":"Privacy policy"},"content":{"rendered":"<p><strong>INFORMATIVA SUL TRATTAMENTO DEI DATI PERSONALI (Privacy) <\/strong><em>resa ai sensi dell\u2019art. 13 Regolamento UE 2016\/679 (GDPR) per i trattamenti dei dati personali effettuati attraverso il sito internet www.erreduegas.it<\/em><\/p>\n<p>ERREDUE SPA tiene in seria considerazione la riservatezza dei dati personali dei suoi clienti, fornitori e dipendenti, nonch\u00e9 di tutte le altre persone che entrano in rapporto con essa. Per questo motivo, con il documento che segue, sono indicate tutte le informazioni di cui si ha bisogno per sapere chi gestir\u00e0 i dati personali che vengono forniti e come verranno gestiti.<\/p>\n<ol>\n<li><strong>TITOLARE DEL TRATTAMENTO<\/strong><\/li>\n<\/ol>\n<p>Il Titolare del trattamento, ai sensi dell\u2019art. 24 del Regolamento, \u00e8 ErreDue S.p.A., in persona del legale rappresentante pro tempore, con sede legale in Via G. Gozzano, 3 \u2013 57121 Livorno (LI), c.f.\/p.iva 01524610506, e-mail: info@erreduegas.it<\/p>\n<ol start=\"2\">\n<li><strong>FINALIT\u00c0<\/strong><\/li>\n<\/ol>\n<p>I dati personali degli utenti del sito saranno trattati per le seguenti<br \/>\nfinalit\u00e0:<br \/>\nI. Riscontro delle richieste formulate dall\u2019utente mediante la compilazione dell\u2019apposito form \u201crichiedi maggiori informazioni \/ modulo di contatto\u201d o altri form del sito web;<br \/>\nII. Analisi nuovi cv e candidature, per l\u2019eventuale instaurazione di un rapporto di lavoro, tramite l\u2019apposita sezione del sito \u201clavora con noi\u201d;<br \/>\nIII. adempiere agli obblighi contrattuali e misure precontrattuali, ivi inclusa la formulazione di preventivi e\/o l\u2019invio di informazioni relative a prodotti, servizi e attivit\u00e0 del Titolare, anche mediante newsletter (salva comunque la possibilit\u00e0 di opporsi);<br \/>\nIV. adempiere agli obblighi normativi;<br \/>\nV. esercitare i diritti del Titolare.<br \/>\nPer quanto concerne i cookies vedasi apposita informativa dedicata.<\/p>\n<ol start=\"3\">\n<li><strong>BASE GIURIDICA E CONSEGUENZE<\/strong><br \/>\n<strong>PER MANCATA COMUNICAZIONE DEI DATI<\/strong><\/li>\n<\/ol>\n<p>Per il perseguimento delle finalit\u00e0 innanzi indicate, i dati personali vengono trattati in forza dell\u2019esecuzione di misure precontrattuali su richiesta dell\u2019interessato e\/o esecuzione di contratto di cui l\u2019interessato \u00e8 parte \u2013 art. 6 par. 1 lett. b, Reg. UE 2016\/679. L\u2019eventuale rifiuto di fornire i dati richiesti comporter\u00e0 l\u2019impossibilit\u00e0 di fruire dei relativi servizi, nonch\u00e9 di dare seguito<br \/>\nalle richieste di informazioni e\/o preventivi formulate attraverso il form online.<\/p>\n<ol start=\"4\">\n<li><strong>CATEGORIE DI DATI<\/strong><\/li>\n<\/ol>\n<p>Per il raggiungimento delle finalit\u00e0 innanzi indicate sono trattati i seguenti dati: nome, cognome, recapiti (e-mail, telefono).<\/p>\n<ol start=\"5\">\n<li><strong>DESTINATARI DEI DATI<\/strong><\/li>\n<\/ol>\n<p>Ai dati avr\u00e0 accesso il personale interno appositamente autorizzato al trattamento, nonch\u00e9 altri soggetti esterni la cui attivit\u00e0 si rivela necessaria per il corretto espletamento dell\u2019incarico (adempimenti contrattuali, misure precontrattuali) e\/o dei servizi informativi richiesti (es. societ\u00e0 che gestisce il sito internet e\/o i servizi di posta elettronica) o comunque per la gestione ordinaria<br \/>\ndell\u2019attivit\u00e0 aziendale (es. amministratore di sistema) e\/o qualora la comunicazione sia obbligatoria per disposizioni di legge.<\/p>\n<ol start=\"6\">\n<li><strong>TRASFERIMENTI ALL\u2019ESTERO<\/strong><\/li>\n<\/ol>\n<p>I dati non saranno trasferiti al di fuori dell\u2019Unione Europea.<\/p>\n<ol start=\"7\">\n<li><strong>PERIODO DI CONSERVAZIONE<\/strong><\/li>\n<\/ol>\n<p>I dati necessari all\u2019adempimento degli obblighi contrattuali e adempimenti normativi verranno conservati per tutto il periodo di durata del rapporto contrattuale per i successivi 12 anni. Se alle richieste di informazioni non segue alcun rapporto contrattuale, queste vengono cancellate dopo 24 mesi.<\/p>\n<ol start=\"8\">\n<li><strong>DIRITTI DELL\u2019INTERESSATO<\/strong><\/li>\n<\/ol>\n<p>L\u2019interessato ha il diritto di chiedere al titolare del trattamento:<\/p>\n<ul>\n<li>l\u2019accesso ai propri dati personali<\/li>\n<li>la rettifica e\/o cancellazione dei propri dati personali, compatibilmente con i diritti del titolare del trattamento.<\/li>\n<li>la limitazione del trattamento dei dati che lo riguardano nelle ipotesi previste dal regolamento all\u2019articolo 18.<\/li>\n<\/ul>\n<p>In aggiunta ai diritti sopra elencati, sono riconosciuti:<br \/>\n\u2013 Il diritto di opposizione al trattamento coerentemente con le ipotesi previste dal regolamento all\u2019articolo 21;<br \/>\n\u2013 il diritto di proporre reclamo al Garante per la protezione dei dati personali (www.garanteprivacy.it);<br \/>\n\u2013 il diritto alla portabilit\u00e0 dei dati.<br \/>\nL\u2019esercizio dei diritti \u00e8 garantito, contattando il Titolare ai recapiti indicati al punto 1. In riferimento alle immagini registrate non \u00e8 in concreto esercitabile il diritto di rettificazione in considerazione della natura intrinseca dei dati raccolti, in quanto si tratta di immagini raccolte in tempo reale riguardanti un fatto obiettivo.<\/p>\n<ol start=\"9\">\n<li><strong>DIRITTO DI OPPOSIZIONE AL TRATTAMENTO<\/strong><\/li>\n<\/ol>\n<p>Nei casi in cui non sia riconosciuta la possibilit\u00e0 di chiedere la cancellazione dei dati, \u00e8 possibile comunque opporsi al trattamento, quando ci\u00f2 sia giustificato da motivi inerenti a situazioni particolari.<\/p>\n<p>In caso di dubbi riguardanti la privacy policy \u00e8 possibile contattare ERREDUE SPA ai dati di contatto indicati al punto 1 della presente informativa.<\/p>\n<p>&nbsp;<\/p>\n","protected":false},"excerpt":{"rendered":"<p>INFORMATIVA SUL TRATTAMENTO DEI DATI PERSONALI (Privacy) resa ai sensi dell\u2019art. 13 Regolamento UE 2016\/679 (GDPR) per i&#8230;<\/p>\n","protected":false},"author":1,"featured_media":0,"parent":0,"menu_order":0,"comment_status":"closed","ping_status":"open","template":"","meta":{"footnotes":""},"class_list":["post-1974","page","type-page","status-publish","hentry"],"yoast_head":"<!-- This site is optimized with the Yoast SEO plugin v23.6 - https:\/\/yoast.com\/wordpress\/plugins\/seo\/ -->\n<title>Privacy policy - ErreDue Gas<\/title>\n<meta name=\"robots\" content=\"index, follow, max-snippet:-1, max-image-preview:large, max-video-preview:-1\" \/>\n<link rel=\"canonical\" href=\"https:\/\/www.erreduegas.it\/en\/privacy-policy\/\" \/>\n<meta property=\"og:locale\" content=\"en_US\" \/>\n<meta property=\"og:type\" content=\"article\" \/>\n<meta property=\"og:title\" content=\"Privacy policy - ErreDue Gas\" \/>\n<meta property=\"og:description\" content=\"INFORMATIVA SUL TRATTAMENTO DEI DATI PERSONALI (Privacy) resa ai sensi dell\u2019art. 13 Regolamento UE 2016\/679 (GDPR) per i...\" \/>\n<meta property=\"og:url\" content=\"https:\/\/www.erreduegas.it\/en\/privacy-policy\/\" \/>\n<meta property=\"og:site_name\" content=\"ErreDue Gas\" \/>\n<meta property=\"article:publisher\" content=\"https:\/\/www.facebook.com\/erreduegas\" \/>\n<meta property=\"article:modified_time\" content=\"2025-03-24T14:29:46+00:00\" \/>\n<meta name=\"twitter:card\" content=\"summary_large_image\" \/>\n<meta name=\"twitter:site\" content=\"@erreduegas\" \/>\n<meta name=\"twitter:label1\" content=\"Est. reading time\" \/>\n\t<meta name=\"twitter:data1\" content=\"3 minutes\" \/>\n<script type=\"application\/ld+json\" class=\"yoast-schema-graph\">{\"@context\":\"https:\/\/schema.org\",\"@graph\":[{\"@type\":\"WebPage\",\"@id\":\"https:\/\/www.erreduegas.it\/en\/privacy-policy\/\",\"url\":\"https:\/\/www.erreduegas.it\/en\/privacy-policy\/\",\"name\":\"Privacy policy - ErreDue Gas\",\"isPartOf\":{\"@id\":\"https:\/\/www.erreduegas.it\/#website\"},\"datePublished\":\"2022-02-25T14:01:13+00:00\",\"dateModified\":\"2025-03-24T14:29:46+00:00\",\"breadcrumb\":{\"@id\":\"https:\/\/www.erreduegas.it\/en\/privacy-policy\/#breadcrumb\"},\"inLanguage\":\"en-US\",\"potentialAction\":[{\"@type\":\"ReadAction\",\"target\":[\"https:\/\/www.erreduegas.it\/en\/privacy-policy\/\"]}]},{\"@type\":\"BreadcrumbList\",\"@id\":\"https:\/\/www.erreduegas.it\/en\/privacy-policy\/#breadcrumb\",\"itemListElement\":[{\"@type\":\"ListItem\",\"position\":1,\"name\":\"Home\",\"item\":\"https:\/\/www.erreduegas.it\/en\/\"},{\"@type\":\"ListItem\",\"position\":2,\"name\":\"Privacy policy\"}]},{\"@type\":\"WebSite\",\"@id\":\"https:\/\/www.erreduegas.it\/#website\",\"url\":\"https:\/\/www.erreduegas.it\/\",\"name\":\"ErreDue Gas\",\"description\":\"On site gas generators\",\"publisher\":{\"@id\":\"https:\/\/www.erreduegas.it\/#organization\"},\"potentialAction\":[{\"@type\":\"SearchAction\",\"target\":{\"@type\":\"EntryPoint\",\"urlTemplate\":\"https:\/\/www.erreduegas.it\/?s={search_term_string}\"},\"query-input\":{\"@type\":\"PropertyValueSpecification\",\"valueRequired\":true,\"valueName\":\"search_term_string\"}}],\"inLanguage\":\"en-US\"},{\"@type\":\"Organization\",\"@id\":\"https:\/\/www.erreduegas.it\/#organization\",\"name\":\"ErreDue Gas\",\"url\":\"https:\/\/www.erreduegas.it\/\",\"logo\":{\"@type\":\"ImageObject\",\"inLanguage\":\"en-US\",\"@id\":\"https:\/\/www.erreduegas.it\/#\/schema\/logo\/image\/\",\"url\":\"https:\/\/www.erreduegas.it\/wp-content\/uploads\/favicon.png\",\"contentUrl\":\"https:\/\/www.erreduegas.it\/wp-content\/uploads\/favicon.png\",\"width\":512,\"height\":512,\"caption\":\"ErreDue Gas\"},\"image\":{\"@id\":\"https:\/\/www.erreduegas.it\/#\/schema\/logo\/image\/\"},\"sameAs\":[\"https:\/\/www.facebook.com\/erreduegas\",\"https:\/\/x.com\/erreduegas\",\"https:\/\/www.linkedin.com\/company\/erredue\/\"]}]}<\/script>\n<!-- \/ Yoast SEO plugin. -->","yoast_head_json":{"title":"Privacy policy - ErreDue Gas","robots":{"index":"index","follow":"follow","max-snippet":"max-snippet:-1","max-image-preview":"max-image-preview:large","max-video-preview":"max-video-preview:-1"},"canonical":"https:\/\/www.erreduegas.it\/en\/privacy-policy\/","og_locale":"en_US","og_type":"article","og_title":"Privacy policy - ErreDue Gas","og_description":"INFORMATIVA SUL TRATTAMENTO DEI DATI PERSONALI (Privacy) resa ai sensi dell\u2019art. 13 Regolamento UE 2016\/679 (GDPR) per i...","og_url":"https:\/\/www.erreduegas.it\/en\/privacy-policy\/","og_site_name":"ErreDue Gas","article_publisher":"https:\/\/www.facebook.com\/erreduegas","article_modified_time":"2025-03-24T14:29:46+00:00","twitter_card":"summary_large_image","twitter_site":"@erreduegas","twitter_misc":{"Est. reading time":"3 minutes"},"schema":{"@context":"https:\/\/schema.org","@graph":[{"@type":"WebPage","@id":"https:\/\/www.erreduegas.it\/en\/privacy-policy\/","url":"https:\/\/www.erreduegas.it\/en\/privacy-policy\/","name":"Privacy policy - ErreDue Gas","isPartOf":{"@id":"https:\/\/www.erreduegas.it\/#website"},"datePublished":"2022-02-25T14:01:13+00:00","dateModified":"2025-03-24T14:29:46+00:00","breadcrumb":{"@id":"https:\/\/www.erreduegas.it\/en\/privacy-policy\/#breadcrumb"},"inLanguage":"en-US","potentialAction":[{"@type":"ReadAction","target":["https:\/\/www.erreduegas.it\/en\/privacy-policy\/"]}]},{"@type":"BreadcrumbList","@id":"https:\/\/www.erreduegas.it\/en\/privacy-policy\/#breadcrumb","itemListElement":[{"@type":"ListItem","position":1,"name":"Home","item":"https:\/\/www.erreduegas.it\/en\/"},{"@type":"ListItem","position":2,"name":"Privacy policy"}]},{"@type":"WebSite","@id":"https:\/\/www.erreduegas.it\/#website","url":"https:\/\/www.erreduegas.it\/","name":"ErreDue Gas","description":"On site gas generators","publisher":{"@id":"https:\/\/www.erreduegas.it\/#organization"},"potentialAction":[{"@type":"SearchAction","target":{"@type":"EntryPoint","urlTemplate":"https:\/\/www.erreduegas.it\/?s={search_term_string}"},"query-input":{"@type":"PropertyValueSpecification","valueRequired":true,"valueName":"search_term_string"}}],"inLanguage":"en-US"},{"@type":"Organization","@id":"https:\/\/www.erreduegas.it\/#organization","name":"ErreDue Gas","url":"https:\/\/www.erreduegas.it\/","logo":{"@type":"ImageObject","inLanguage":"en-US","@id":"https:\/\/www.erreduegas.it\/#\/schema\/logo\/image\/","url":"https:\/\/www.erreduegas.it\/wp-content\/uploads\/favicon.png","contentUrl":"https:\/\/www.erreduegas.it\/wp-content\/uploads\/favicon.png","width":512,"height":512,"caption":"ErreDue Gas"},"image":{"@id":"https:\/\/www.erreduegas.it\/#\/schema\/logo\/image\/"},"sameAs":["https:\/\/www.facebook.com\/erreduegas","https:\/\/x.com\/erreduegas","https:\/\/www.linkedin.com\/company\/erredue\/"]}]}},"acf":[],"_links":{"self":[{"href":"https:\/\/www.erreduegas.it\/en\/wp-json\/wp\/v2\/pages\/1974"}],"collection":[{"href":"https:\/\/www.erreduegas.it\/en\/wp-json\/wp\/v2\/pages"}],"about":[{"href":"https:\/\/www.erreduegas.it\/en\/wp-json\/wp\/v2\/types\/page"}],"author":[{"embeddable":true,"href":"https:\/\/www.erreduegas.it\/en\/wp-json\/wp\/v2\/users\/1"}],"replies":[{"embeddable":true,"href":"https:\/\/www.erreduegas.it\/en\/wp-json\/wp\/v2\/comments?post=1974"}],"version-history":[{"count":4,"href":"https:\/\/www.erreduegas.it\/en\/wp-json\/wp\/v2\/pages\/1974\/revisions"}],"predecessor-version":[{"id":3576,"href":"https:\/\/www.erreduegas.it\/en\/wp-json\/wp\/v2\/pages\/1974\/revisions\/3576"}],"wp:attachment":[{"href":"https:\/\/www.erreduegas.it\/en\/wp-json\/wp\/v2\/media?parent=1974"}],"curies":[{"name":"wp","href":"https:\/\/api.w.org\/{rel}","templated":true}]}}